{"id":7963,"date":"2021-05-06T15:05:30","date_gmt":"2021-05-06T13:05:30","guid":{"rendered":"https:\/\/arcadia.frl\/over\/mission-vision\/"},"modified":"2025-04-15T11:17:12","modified_gmt":"2025-04-15T09:17:12","slug":"mission-vision","status":"publish","type":"page","link":"https:\/\/arcadia.frl\/en\/over\/mission-vision\/","title":{"rendered":"Mission &#038; vision"},"content":{"rendered":"\t<div class=\"wp-block-whitespace small \" aria-hidden=\"true\"><\/div>\n\n\n<h3 class=\"wp-block-heading\" id=\"h-our-mission\">Our mission <\/h3>\n\n\n\n<p>Through the cultural triennial Arcadia, Frysl\u00e2n effectively addresses the significant societal changes of our era by fostering an open and inclusive community.<\/p>\n\n\n\n<h3 class=\"wp-block-heading\" id=\"h-our-vision\">Our vision<\/h3>\n\n\n\n<p>We are Arcadia, the legacy organisation of European Capital of Culture Leeuwarden Frysl\u00e2n 2018 (LF2018). Our philosophy centers on the belief that the arts and culture possess the power to address societal challenges, uniting us as one community, known as &#8220;iepen mienskip.&#8221; Our objective? To foster a creative, resilient society that collaborates with the right partners to provide new perspectives for the prevailing issues in our region.<\/p>\n\n\n\n<p>Our compass is not guided by transient victories; instead, we seek a deep and lasting prosperity that spans generations, echoing the sentiment &#8220;Frysl\u00e2n &#8216;t b\u00easte l\u00e2n fan d&#8217;ierde.&#8221;<\/p>\n\n\n\n<p>Our vision extends beyond provincial boundaries. We perceive Frysl\u00e2n as a vibrant, rural region within Europe, as an example of how a community evolves while honoring its history and natural environment.<\/p>\n\n\n\n<p>Through Arcadia, we kindle the spirit of forward-thinking. In a world undergoing profound transformations, radical imagination becomes indispensable: without it, any impending change appears as a looming threat. We develop a wide-ranging cultural program, inviting everyone to participate, through positive conversation, supported by research and a varied group of specialists<s>. <\/s>&nbsp;to address the question: &#8216;Who do we want to be?&#8217;<\/p>\n\n\n\n<p>At Arcadia, we aim to inspire a forward-thinking spirit. In a rapidly changing world, having a bold imagination is essential. Without it, change can seem threatening. In dialogue with one another, supported by research and a polyphonic network of experts, we organize a wide cultural program, in which many people participate to answer the question &#8216;Who do we want to be?&#8217;<\/p>\n\n\n\t<div class=\"wp-block-whitespace small \" aria-hidden=\"true\"><\/div>","protected":false},"excerpt":{"rendered":"<p>Our mission Through the cultural triennial Arcadia, Frysl\u00e2n effectively addresses the significant societal changes of our era by fostering an open and inclusive community. Our vision We are Arcadia, the legacy organisation of European Capital of Culture Leeuwarden Frysl\u00e2n 2018 (LF2018). Our philosophy centers on the belief that the arts and culture possess the power [&hellip;]<\/p>\n","protected":false},"author":123462,"featured_media":0,"parent":6940,"menu_order":163,"comment_status":"closed","ping_status":"closed","template":"","meta":{"_acf_changed":false,"inline_featured_image":false,"footnotes":""},"marker":[],"class_list":["post-7963","page","type-page","status-publish","hentry"],"acf":[],"yoast_head":"<!-- This site is optimized with the Yoast SEO plugin v27.4 - https:\/\/yoast.com\/product\/yoast-seo-wordpress\/ -->\n<title>Mission &amp; vision - Arcadia<\/title>\n<meta name=\"robots\" content=\"index, follow, max-snippet:-1, max-image-preview:large, max-video-preview:-1\" \/>\n<link rel=\"canonical\" href=\"https:\/\/arcadia.frl\/en\/over\/mission-vision\/\" \/>\n<meta property=\"og:locale\" content=\"en_US\" \/>\n<meta property=\"og:type\" content=\"article\" \/>\n<meta property=\"og:title\" content=\"Mission &amp; vision - Arcadia\" \/>\n<meta property=\"og:description\" content=\"Our mission Through the cultural triennial Arcadia, Frysl\u00e2n effectively addresses the significant societal changes of our era by fostering an open and inclusive community. Our vision We are Arcadia, the legacy organisation of European Capital of Culture Leeuwarden Frysl\u00e2n 2018 (LF2018). Our philosophy centers on the belief that the arts and culture possess the power [&hellip;]\" \/>\n<meta property=\"og:url\" content=\"https:\/\/arcadia.frl\/en\/over\/mission-vision\/\" \/>\n<meta property=\"og:site_name\" content=\"Arcadia\" \/>\n<meta property=\"article:modified_time\" content=\"2025-04-15T09:17:12+00:00\" \/>\n<meta property=\"og:image\" content=\"https:\/\/arcadia.frl\/wp-content\/uploads\/2022\/02\/BOSK\u2022-DEF-horizontaal1-min-scaled.jpg\" \/>\n\t<meta property=\"og:image:width\" content=\"2560\" \/>\n\t<meta property=\"og:image:height\" content=\"1707\" \/>\n\t<meta property=\"og:image:type\" content=\"image\/jpeg\" \/>\n<meta name=\"twitter:card\" content=\"summary_large_image\" \/>\n<meta name=\"twitter:label1\" content=\"Est. reading time\" \/>\n\t<meta name=\"twitter:data1\" content=\"2 minutes\" \/>\n<script type=\"application\/ld+json\" class=\"yoast-schema-graph\">{\"@context\":\"https:\\\/\\\/schema.org\",\"@graph\":[{\"@type\":\"WebPage\",\"@id\":\"https:\\\/\\\/arcadia.frl\\\/en\\\/over\\\/mission-vision\\\/\",\"url\":\"https:\\\/\\\/arcadia.frl\\\/en\\\/over\\\/mission-vision\\\/\",\"name\":\"Mission & vision - Arcadia\",\"isPartOf\":{\"@id\":\"https:\\\/\\\/arcadia.frl\\\/#website\"},\"datePublished\":\"2021-05-06T13:05:30+00:00\",\"dateModified\":\"2025-04-15T09:17:12+00:00\",\"breadcrumb\":{\"@id\":\"https:\\\/\\\/arcadia.frl\\\/en\\\/over\\\/mission-vision\\\/#breadcrumb\"},\"inLanguage\":\"en-US\",\"potentialAction\":[{\"@type\":\"ReadAction\",\"target\":[\"https:\\\/\\\/arcadia.frl\\\/en\\\/over\\\/mission-vision\\\/\"]}]},{\"@type\":\"BreadcrumbList\",\"@id\":\"https:\\\/\\\/arcadia.frl\\\/en\\\/over\\\/mission-vision\\\/#breadcrumb\",\"itemListElement\":[{\"@type\":\"ListItem\",\"position\":1,\"name\":\"Home\",\"item\":\"https:\\\/\\\/arcadia.frl\\\/en\\\/\"},{\"@type\":\"ListItem\",\"position\":2,\"name\":\"About us\",\"item\":\"https:\\\/\\\/arcadia.frl\\\/en\\\/over\\\/\"},{\"@type\":\"ListItem\",\"position\":3,\"name\":\"Mission &#038; vision\"}]},{\"@type\":\"WebSite\",\"@id\":\"https:\\\/\\\/arcadia.frl\\\/#website\",\"url\":\"https:\\\/\\\/arcadia.frl\\\/\",\"name\":\"Arcadia\",\"description\":\"Leeuwarden-Frysl\u00e2n 2028\",\"potentialAction\":[{\"@type\":\"SearchAction\",\"target\":{\"@type\":\"EntryPoint\",\"urlTemplate\":\"https:\\\/\\\/arcadia.frl\\\/?s={search_term_string}\"},\"query-input\":{\"@type\":\"PropertyValueSpecification\",\"valueRequired\":true,\"valueName\":\"search_term_string\"}}],\"inLanguage\":\"en-US\"}]}<\/script>\n<!-- \/ Yoast SEO plugin. -->","yoast_head_json":{"title":"Mission & vision - Arcadia","robots":{"index":"index","follow":"follow","max-snippet":"max-snippet:-1","max-image-preview":"max-image-preview:large","max-video-preview":"max-video-preview:-1"},"canonical":"https:\/\/arcadia.frl\/en\/over\/mission-vision\/","og_locale":"en_US","og_type":"article","og_title":"Mission & vision - Arcadia","og_description":"Our mission Through the cultural triennial Arcadia, Frysl\u00e2n effectively addresses the significant societal changes of our era by fostering an open and inclusive community. Our vision We are Arcadia, the legacy organisation of European Capital of Culture Leeuwarden Frysl\u00e2n 2018 (LF2018). Our philosophy centers on the belief that the arts and culture possess the power [&hellip;]","og_url":"https:\/\/arcadia.frl\/en\/over\/mission-vision\/","og_site_name":"Arcadia","article_modified_time":"2025-04-15T09:17:12+00:00","og_image":[{"width":2560,"height":1707,"url":"https:\/\/arcadia.frl\/wp-content\/uploads\/2022\/02\/BOSK\u2022-DEF-horizontaal1-min-scaled.jpg","type":"image\/jpeg"}],"twitter_card":"summary_large_image","twitter_misc":{"Est. reading time":"2 minutes"},"schema":{"@context":"https:\/\/schema.org","@graph":[{"@type":"WebPage","@id":"https:\/\/arcadia.frl\/en\/over\/mission-vision\/","url":"https:\/\/arcadia.frl\/en\/over\/mission-vision\/","name":"Mission & vision - Arcadia","isPartOf":{"@id":"https:\/\/arcadia.frl\/#website"},"datePublished":"2021-05-06T13:05:30+00:00","dateModified":"2025-04-15T09:17:12+00:00","breadcrumb":{"@id":"https:\/\/arcadia.frl\/en\/over\/mission-vision\/#breadcrumb"},"inLanguage":"en-US","potentialAction":[{"@type":"ReadAction","target":["https:\/\/arcadia.frl\/en\/over\/mission-vision\/"]}]},{"@type":"BreadcrumbList","@id":"https:\/\/arcadia.frl\/en\/over\/mission-vision\/#breadcrumb","itemListElement":[{"@type":"ListItem","position":1,"name":"Home","item":"https:\/\/arcadia.frl\/en\/"},{"@type":"ListItem","position":2,"name":"About us","item":"https:\/\/arcadia.frl\/en\/over\/"},{"@type":"ListItem","position":3,"name":"Mission &#038; vision"}]},{"@type":"WebSite","@id":"https:\/\/arcadia.frl\/#website","url":"https:\/\/arcadia.frl\/","name":"Arcadia","description":"Leeuwarden-Frysl\u00e2n 2028","potentialAction":[{"@type":"SearchAction","target":{"@type":"EntryPoint","urlTemplate":"https:\/\/arcadia.frl\/?s={search_term_string}"},"query-input":{"@type":"PropertyValueSpecification","valueRequired":true,"valueName":"search_term_string"}}],"inLanguage":"en-US"}]}},"_links":{"self":[{"href":"https:\/\/arcadia.frl\/en\/wp-json\/wp\/v2\/pages\/7963","targetHints":{"allow":["GET"]}}],"collection":[{"href":"https:\/\/arcadia.frl\/en\/wp-json\/wp\/v2\/pages"}],"about":[{"href":"https:\/\/arcadia.frl\/en\/wp-json\/wp\/v2\/types\/page"}],"author":[{"embeddable":true,"href":"https:\/\/arcadia.frl\/en\/wp-json\/wp\/v2\/users\/123462"}],"replies":[{"embeddable":true,"href":"https:\/\/arcadia.frl\/en\/wp-json\/wp\/v2\/comments?post=7963"}],"version-history":[{"count":7,"href":"https:\/\/arcadia.frl\/en\/wp-json\/wp\/v2\/pages\/7963\/revisions"}],"predecessor-version":[{"id":26372,"href":"https:\/\/arcadia.frl\/en\/wp-json\/wp\/v2\/pages\/7963\/revisions\/26372"}],"up":[{"embeddable":true,"href":"https:\/\/arcadia.frl\/en\/wp-json\/wp\/v2\/pages\/6940"}],"wp:attachment":[{"href":"https:\/\/arcadia.frl\/en\/wp-json\/wp\/v2\/media?parent=7963"}],"wp:term":[{"taxonomy":"marker","embeddable":true,"href":"https:\/\/arcadia.frl\/en\/wp-json\/wp\/v2\/marker?post=7963"}],"curies":[{"name":"wp","href":"https:\/\/api.w.org\/{rel}","templated":true}]}}